{"id":7,"date":"2025-09-23T10:23:07","date_gmt":"2025-09-23T02:23:07","guid":{"rendered":"http:\/\/jizhuangxiang.webqd.net\/?page_id=7"},"modified":"2025-12-01T09:25:15","modified_gmt":"2025-12-01T01:25:15","slug":"about","status":"publish","type":"page","link":"https:\/\/www.goldminingmachine.com\/pt\/about\/","title":{"rendered":"Quem somos"},"content":{"rendered":"<p><img loading=\"lazy\" decoding=\"async\" class=\"aligncenter wp-image-329 size-full\" src=\"http:\/\/www.goldminingmachine.com\/wp-content\/uploads\/2025\/11\/home-about-1_\u526f\u672c.webp\" alt=\"\" width=\"1707\" height=\"876\" srcset=\"https:\/\/www.goldminingmachine.com\/wp-content\/uploads\/2025\/11\/home-about-1_\u526f\u672c.webp 1707w, https:\/\/www.goldminingmachine.com\/wp-content\/uploads\/2025\/11\/home-about-1_\u526f\u672c-300x154.webp 300w, https:\/\/www.goldminingmachine.com\/wp-content\/uploads\/2025\/11\/home-about-1_\u526f\u672c-1024x525.webp 1024w, https:\/\/www.goldminingmachine.com\/wp-content\/uploads\/2025\/11\/home-about-1_\u526f\u672c-768x394.webp 768w, https:\/\/www.goldminingmachine.com\/wp-content\/uploads\/2025\/11\/home-about-1_\u526f\u672c-1536x788.webp 1536w, https:\/\/www.goldminingmachine.com\/wp-content\/uploads\/2025\/11\/home-about-1_\u526f\u672c-624x320.webp 624w, https:\/\/www.goldminingmachine.com\/wp-content\/uploads\/2025\/11\/home-about-1_\u526f\u672c-800x411.webp 800w\" sizes=\"auto, (max-width: 1707px) 100vw, 1707px\" \/><\/p>\n<div id=\"cmDYcp9\" class=\"listTxt cmDYcp9A automatic\" data-name=\"aBounce-In\">\n<div class=\"textLineP\">\n<h1><span style=\"color: #ff0000;\">Detalhes da Empresa<\/span><\/h1>\n<hr \/>\n<\/div>\n<\/div>\n<div id=\"cdaCauh\" class=\"cdaCauh relative\"><\/div>\n<div id=\"cgysPhv\" class=\"listTxt cgysPhvA automatic\">\n<div class=\"textLineP\">\n<p><span style=\"font-family: helvetica, arial, sans-serif; font-size: 14pt;\">Fundada em 1995, a Qingzhou Qiangrun Environmental Protection Machinery Co., Ltd. tem sua sede no Parque Industrial Masong, Rua Huanglou, Cidade de Qingzhou, Cidade de Weifang, Prov\u00edncia de Shandong \u2014 uma cidade historicamente significativa e reconhecida como um polo de P&amp;D em m\u00e1quinas de ouro aluvial na China. Como fabricante integrado que integra P&amp;D, produ\u00e7\u00e3o, vendas e servi\u00e7o p\u00f3s-venda, a empresa foca no setor de m\u00e1quinas de prote\u00e7\u00e3o ambiental, com expertise central em P&amp;D e produ\u00e7\u00e3o de equipamentos relacionados ao ouro, como equipamentos de minera\u00e7\u00e3o e separa\u00e7\u00e3o de ouro e m\u00e1quinas aluviais de ouro, al\u00e9m de atuar no projeto e fabrica\u00e7\u00e3o de dragas de suc\u00e7\u00e3o cortadoras,  Cortadoras de ervas daninhas aqu\u00e1ticas e v\u00e1rias dragas avan\u00e7adas. Com mais de 30 anos de experi\u00eancia no setor, desenvolveu-se como uma empresa l\u00edder no setor.<\/span><\/p>\n<\/div>\n<\/div>\n<p><span style=\"font-size: 14pt; font-family: helvetica, arial, sans-serif;\">Os produtos da empresa apresentam vantagens essenciais de durabilidade, modelos diversificados e tecnologia avan\u00e7ada, abrangendo equipamentos de minera\u00e7\u00e3o e separa\u00e7\u00e3o de ouro, m\u00e1quinas aluviais de ouro, dragas de suc\u00e7\u00e3o cortadoras, colhedoras aqu\u00e1ticas e outras s\u00e9ries para atender \u00e0s necessidades personalizadas de diferentes clientes. Aproveitando os recursos industriais locais maduros em Qingzhou, integramos conceitos modernos de design com processos de manufatura de precis\u00e3o. Todos os produtos obtiveram certifica\u00e7\u00e3o ISO9001 sistema de gest\u00e3o de qualidade e apoiam a inspe\u00e7\u00e3o de mercadorias da f\u00e1brica SGS. Implementamos controle de alto padr\u00e3o durante todo o processo de P&amp;D e produ\u00e7\u00e3o para garantir que cada equipamento entregue aos clientes alcan\u00e7e excelente qualidade.<\/span><\/p>\n<p><span style=\"font-size: 14pt; font-family: helvetica, arial, sans-serif;\">Em termos de servi\u00e7os, a empresa oferece solu\u00e7\u00f5es completas, desde o design do produto, produ\u00e7\u00e3o personalizada, instala\u00e7\u00e3o e comissionamento at\u00e9 a manuten\u00e7\u00e3o p\u00f3s-venda. De acordo com as diferentes condi\u00e7\u00f5es do local de dragagem, podemos personalizar equipamentos exclusivos, com trabalhos de soldagem realizados por soldadores certificados internacionalmente, al\u00e9m de uma equipe profissional de servi\u00e7o t\u00e9cnico no local e um eficiente sistema de suporte p\u00f3s-venda para oferecer aos clientes, tanto no pa\u00eds quanto no exterior, servi\u00e7os completos e sem preocupa\u00e7\u00f5es. Enquanto isso, tamb\u00e9m oferecemos servi\u00e7os OEM para distribuidores globais, a fim de expandir o mercado por meio de modelos flex\u00edveis de coopera\u00e7\u00e3o.<\/span><\/p>\n<p><span style=\"font-size: 14pt; font-family: helvetica, arial, sans-serif;\">Com tecnologia de ponta na ind\u00fastria, vasta experi\u00eancia em manufatura, qualidade superior de equipamentos e filosofia de gest\u00e3o baseada na integridade, os produtos da empresa foram exportados para mais de 60 pa\u00edses e regi\u00f5es do Sudeste Asi\u00e1tico, Leste Asi\u00e1tico, Sul da \u00c1sia, Am\u00e9rica do Sul, Oceania, \u00c1frica e Europa Oriental, incluindo Mal\u00e1sia, R\u00fassia, Mong\u00f3lia, Tail\u00e2ndia, Vietn\u00e3, Singapura, Indon\u00e9sia, Fiji, Nig\u00e9ria, Zimb\u00e1bue, Camar\u00f5es, Costa do Marfim, Gana,  Uganda, etc., conquistando amplo reconhecimento e elogios de clientes globais. Seguindo o conceito de \u201corientado ao cliente e qualidade em primeiro lugar\u201d, a empresa oferece continuamente solu\u00e7\u00f5es de alta qualidade nos campos de equipamentos relacionados ao ouro, dragagem, bombeamento de areia e equipamentos de prote\u00e7\u00e3o ambiental.<\/span><\/p>\n<p>&nbsp;<\/p>\n<h1><span style=\"color: #ff0000;\">Servi\u00e7os<\/span><\/h1>\n<hr \/>\n<h2><span style=\"font-size: 14pt; font-family: helvetica, arial, sans-serif;\">Servi\u00e7os de Valor Agregado<\/span><\/h2>\n<ul>\n<li><span style=\"font-size: 14pt; font-family: helvetica, arial, sans-serif;\"><strong>Suporte Pr\u00e9-venda:<\/strong> Fornecer servi\u00e7os de consultoria t\u00e9cnica pr\u00e9-venda e orienta\u00e7\u00e3o de sele\u00e7\u00e3o de produtos com base nos requisitos operacionais reais do equipamento.<\/span><\/li>\n<li><span style=\"font-size: 14pt; font-family: helvetica, arial, sans-serif;\"><strong>Suporte a vendas:<\/strong> Instala\u00e7\u00e3o de equipamentos, comissionamento e opera\u00e7\u00e3o de testes, bem como manuten\u00e7\u00e3o t\u00e9cnica,<\/span><span style=\"font-size: 14pt; font-family: helvetica, arial, sans-serif;\">Servi\u00e7osAtualiza\u00e7\u00f5es do sistema e suporte ao cliente 24 horas por dia, 7 dias por semana.<\/span><\/li>\n<li><span style=\"font-size: 14pt; font-family: helvetica, arial, sans-serif;\"><strong>Desenvolvimento Personalizado:<\/strong> P&amp;D de equipamentos exclusivos de minera\u00e7\u00e3o de ouro, dragas, colheitadeiras ou outros equipamentos especializados, adaptados \u00e0s necessidades dos clientes.<\/span><\/li>\n<\/ul>\n<h2><span style=\"font-size: 14pt; font-family: helvetica, arial, sans-serif;\">Vantagens do Servi\u00e7o<\/span><\/h2>\n<ul>\n<li><span style=\"font-size: 14pt; font-family: helvetica, arial, sans-serif;\"><strong>For\u00e7a T\u00e9cnica:<\/strong> Capacidades independentes de P&amp;D com cobertura global de cadeia de suprimentos.<\/span><\/li>\n<li><span style=\"font-size: 14pt; font-family: helvetica, arial, sans-serif;\"><strong>Alcance ao Cliente:<\/strong> Produtos exportados para a \u00c1frica, Am\u00e9rica do Sul, Oriente M\u00e9dio, Sudeste Asi\u00e1tico e outras regi\u00f5es do mundo.<\/span><\/li>\n<li><span style=\"font-size: 14pt; font-family: helvetica, arial, sans-serif;\"><strong>Flexibilidade de Coopera\u00e7\u00e3o:<\/strong> Servi\u00e7os de personaliza\u00e7\u00e3o dispon\u00edveis, com estoque pronto para envio e entrega r\u00e1pida.<\/span><\/li>\n<li><span style=\"font-size: 14pt; font-family: helvetica, arial, sans-serif;\"><strong>Conformidade e Seguran\u00e7a:<\/strong> Sistema de Gest\u00e3o de Qualidade certificado pela ISO, possuindo o Certificado do Panam\u00e1.<\/span><\/li>\n<\/ul>\n<p>&nbsp;<\/p>\n<h1><span style=\"color: #ff0000;\"><strong>Documentos de Qualifica\u00e7\u00e3o<\/strong><\/span><\/h1>\n<hr \/>\n<p><img decoding=\"async\" class=\"aligncenter wp-image-325\" src=\"http:\/\/www.goldminingmachine.com\/wp-content\/uploads\/2025\/11\/certificate-scaled.webp\" alt=\"\" width=\"100%\" srcset=\"https:\/\/www.goldminingmachine.com\/wp-content\/uploads\/2025\/11\/certificate-scaled.webp 2560w, https:\/\/www.goldminingmachine.com\/wp-content\/uploads\/2025\/11\/certificate-300x100.webp 300w, https:\/\/www.goldminingmachine.com\/wp-content\/uploads\/2025\/11\/certificate-1024x341.webp 1024w, https:\/\/www.goldminingmachine.com\/wp-content\/uploads\/2025\/11\/certificate-768x256.webp 768w, https:\/\/www.goldminingmachine.com\/wp-content\/uploads\/2025\/11\/certificate-1536x512.webp 1536w, https:\/\/www.goldminingmachine.com\/wp-content\/uploads\/2025\/11\/certificate-2048x683.webp 2048w, https:\/\/www.goldminingmachine.com\/wp-content\/uploads\/2025\/11\/certificate-624x208.webp 624w, https:\/\/www.goldminingmachine.com\/wp-content\/uploads\/2025\/11\/certificate-800x267.webp 800w\" sizes=\"(max-width: 2560px) 100vw, 2560px\" \/><\/p>\n<p><img decoding=\"async\" class=\"aligncenter wp-image-327 size-full\" src=\"http:\/\/www.goldminingmachine.com\/wp-content\/uploads\/2025\/11\/certificate2-scaled.webp\" alt=\"\" width=\"100%\" srcset=\"https:\/\/www.goldminingmachine.com\/wp-content\/uploads\/2025\/11\/certificate2-scaled.webp 2560w, https:\/\/www.goldminingmachine.com\/wp-content\/uploads\/2025\/11\/certificate2-300x100.webp 300w, https:\/\/www.goldminingmachine.com\/wp-content\/uploads\/2025\/11\/certificate2-1024x341.webp 1024w, https:\/\/www.goldminingmachine.com\/wp-content\/uploads\/2025\/11\/certificate2-768x256.webp 768w, https:\/\/www.goldminingmachine.com\/wp-content\/uploads\/2025\/11\/certificate2-1536x512.webp 1536w, https:\/\/www.goldminingmachine.com\/wp-content\/uploads\/2025\/11\/certificate2-2048x683.webp 2048w, https:\/\/www.goldminingmachine.com\/wp-content\/uploads\/2025\/11\/certificate2-624x208.webp 624w, https:\/\/www.goldminingmachine.com\/wp-content\/uploads\/2025\/11\/certificate2-800x267.webp 800w\" sizes=\"(max-width: 2560px) 100vw, 2560px\" \/><\/p>\n<p>&nbsp;<\/p>","protected":false},"excerpt":{"rendered":"<p>Company Details Founded in 1995, Qingzhou Qiangrun Environmental Protection Machinery Co., Ltd. is headquartered in Masong Industrial Park, Huanglou Street, Qingzhou City, Weifang City, Shandong Province \u2014 a historically significant city and a recognized hub for alluvial gold machinery R&amp;D in China. As an integrated manufacturer integrating R&amp;D, production, sales and after-sales service, the company [&hellip;]<\/p>","protected":false},"author":1,"featured_media":0,"parent":0,"menu_order":0,"comment_status":"closed","ping_status":"closed","template":"","meta":{"footnotes":""},"class_list":["post-7","page","type-page","status-publish","hentry"],"_links":{"self":[{"href":"https:\/\/www.goldminingmachine.com\/pt\/wp-json\/wp\/v2\/pages\/7","targetHints":{"allow":["GET"]}}],"collection":[{"href":"https:\/\/www.goldminingmachine.com\/pt\/wp-json\/wp\/v2\/pages"}],"about":[{"href":"https:\/\/www.goldminingmachine.com\/pt\/wp-json\/wp\/v2\/types\/page"}],"author":[{"embeddable":true,"href":"https:\/\/www.goldminingmachine.com\/pt\/wp-json\/wp\/v2\/users\/1"}],"replies":[{"embeddable":true,"href":"https:\/\/www.goldminingmachine.com\/pt\/wp-json\/wp\/v2\/comments?post=7"}],"version-history":[{"count":18,"href":"https:\/\/www.goldminingmachine.com\/pt\/wp-json\/wp\/v2\/pages\/7\/revisions"}],"predecessor-version":[{"id":346,"href":"https:\/\/www.goldminingmachine.com\/pt\/wp-json\/wp\/v2\/pages\/7\/revisions\/346"}],"wp:attachment":[{"href":"https:\/\/www.goldminingmachine.com\/pt\/wp-json\/wp\/v2\/media?parent=7"}],"curies":[{"name":"WP","href":"https:\/\/api.w.org\/{rel}","templated":true}]}}