{"id":7,"date":"2025-09-23T10:23:07","date_gmt":"2025-09-23T02:23:07","guid":{"rendered":"http:\/\/jizhuangxiang.webqd.net\/?page_id=7"},"modified":"2025-12-01T09:25:15","modified_gmt":"2025-12-01T01:25:15","slug":"about","status":"publish","type":"page","link":"https:\/\/www.goldminingmachine.com\/fr\/about\/","title":{"rendered":"\u00c0 propos de nous"},"content":{"rendered":"<p><img loading=\"lazy\" decoding=\"async\" class=\"aligncenter wp-image-329 size-full\" src=\"http:\/\/www.goldminingmachine.com\/wp-content\/uploads\/2025\/11\/home-about-1_\u526f\u672c.webp\" alt=\"\" width=\"1707\" height=\"876\" srcset=\"https:\/\/www.goldminingmachine.com\/wp-content\/uploads\/2025\/11\/home-about-1_\u526f\u672c.webp 1707w, https:\/\/www.goldminingmachine.com\/wp-content\/uploads\/2025\/11\/home-about-1_\u526f\u672c-300x154.webp 300w, https:\/\/www.goldminingmachine.com\/wp-content\/uploads\/2025\/11\/home-about-1_\u526f\u672c-1024x525.webp 1024w, https:\/\/www.goldminingmachine.com\/wp-content\/uploads\/2025\/11\/home-about-1_\u526f\u672c-768x394.webp 768w, https:\/\/www.goldminingmachine.com\/wp-content\/uploads\/2025\/11\/home-about-1_\u526f\u672c-1536x788.webp 1536w, https:\/\/www.goldminingmachine.com\/wp-content\/uploads\/2025\/11\/home-about-1_\u526f\u672c-624x320.webp 624w, https:\/\/www.goldminingmachine.com\/wp-content\/uploads\/2025\/11\/home-about-1_\u526f\u672c-800x411.webp 800w\" sizes=\"auto, (max-width: 1707px) 100vw, 1707px\" \/><\/p>\n<div id=\"cmDYcp9\" class=\"listTxt cmDYcp9A automatic\" data-name=\"aBounce-In\">\n<div class=\"textLineP\">\n<h1><span style=\"color: #ff0000;\">D\u00e9tails de la soci\u00e9t\u00e9<\/span><\/h1>\n<hr \/>\n<\/div>\n<\/div>\n<div id=\"cdaCauh\" class=\"cdaCauh relative\"><\/div>\n<div id=\"cgysPhv\" class=\"listTxt cgysPhvA automatic\">\n<div class=\"textLineP\">\n<p><span style=\"font-family: helvetica, arial, sans-serif; font-size: 14pt;\">Fond\u00e9e en 1995, Qingzhou Qiangrun Environmental Protection Machinery Co., LTD est bas\u00e9e dans le parc industriel de Masong, rue Huanglou, ville de Qingzhou, ville de Weifang, Province du Shandong - une ville historiquement significative et un hub reconnu pour la R&amp;D de machines d\u2019or alluvial en Chine. En tant que fabricant int\u00e9gr\u00e9 int\u00e9grant la R&amp;D, la production, les ventes et le service apr\u00e8s-vente, la soci\u00e9t\u00e9 se concentre sur le secteur des machines de protection de l\u2019environnement, avec une expertise de base dans la R&amp;D et la production d\u2019\u00e9quipements li\u00e9s \u00e0 l\u2019or tels que les \u00e9quipements d\u2019extraction et de s\u00e9paration de l\u2019or et les machines d\u2019or alluvial, tout en se consacrant \u00e0 la conception et la fabrication de dragues d\u2019aspiration de coupe, les r\u00e9coltes de plantes aquatiques et diverses dragues de pointe. Avec plus de 30 ans d\u2019exp\u00e9rience dans l\u2019industrie, elle est devenue une entreprise leader dans le secteur.<\/span><\/p>\n<\/div>\n<\/div>\n<p><span style=\"font-size: 14pt; font-family: helvetica, arial, sans-serif;\">Les produits de la soci\u00e9t\u00e9 offrent des avantages de base de durabilit\u00e9, divers mod\u00e8les et une technologie de pointe, couvrant les \u00e9quipements d\u2019extraction et de s\u00e9paration de l\u2019or, les machines d\u2019or alluvial, les dragueurs d\u2019aspiration de coupe, les r\u00e9coltes de plantes aquatiques et d\u2019autres s\u00e9ries pour r\u00e9pondre aux besoins personnalis\u00e9s de diff\u00e9rents clients. Tirant parti des ressources industrielles locales matures \u00e0 Qingzhou, nous int\u00e8grons des concepts de conception modernes avec des processus de fabrication de pr\u00e9cision. Tous les produits ont obtenu la certification de syst\u00e8me de la gestion de la qualit\u00e9 ISO9001 et soutiennent l\u2019inspection d\u2019usine de gv des marchandises. Nous mettons en \u0153uvre un contr\u00f4le de haut niveau tout au long du processus de R&amp;D et de production pour nous assurer que chaque \u00e9quipement livr\u00e9 aux clients atteint une excellente qualit\u00e9.<\/span><\/p>\n<p><span style=\"font-size: 14pt; font-family: helvetica, arial, sans-serif;\">En termes de services, la soci\u00e9t\u00e9 fournit des solutions sur un seul point de vente de la conception de produits, la production personnalis\u00e9e, l\u2019installation et la mise en service \u00e0 la maintenance apr\u00e8s-vente. Selon les diff\u00e9rentes conditions du site de dragage, nous pouvons des \u00e9quipements exclusifs sur mesure, avec des travaux de soudage effectu\u00e9s par des soudeurs certifi\u00e9s au niveau international, et une \u00e9quipe de service technique professionnelle sur site et un syst\u00e8me de support apr\u00e8s-vente efficace pour fournir aux clients au pays et \u00e0 l\u2019\u00e9tranger des services complets sans souci. En attendant, nous offrons \u00e9galement des services d\u2019oem pour que les distributeurs globaux augmentent le march\u00e9 par des mod\u00e8les flexibles de coop\u00e9ration.<\/span><\/p>\n<p><span style=\"font-size: 14pt; font-family: helvetica, arial, sans-serif;\">Avec la principale technologie d\u2019industrie, une exp\u00e9rience riche de fabrication, la qualit\u00e9 sup\u00e9rieure d\u2019\u00e9quipement et la philosophie de gestion bas\u00e9e sur l\u2019int\u00e9grit\u00e9, les produits de la soci\u00e9t\u00e9 ont \u00e9t\u00e9 export\u00e9s vers plus de 60 pays et r\u00e9gions en asie du sud-est, asie de l\u2019est, asie du sud, am\u00e9rique du sud, oc\u00e9anie, afrique et Europe de l\u2019est, y compris la malaisie, la russie, la Mongolie, la Tha\u00eflande, le Vietnam, le Singapour, l\u2019Indon\u00e9sie, Fidji, le nig\u00e9ria, le Zimbabwe, le Cameroun, de l\u2019ivoire, du Ghana, de l\u2019Ouganda, etc., Gagner une large reconnaissance et l\u2019\u00e9loge des clients mondiaux. Adh\u00e9rant au concept de \u201corient\u00e9e vers le client et la qualit\u00e9 d\u2019abord\u201d, la soci\u00e9t\u00e9 fournit en permanence des solutions de haute qualit\u00e9 dans les domaines des \u00e9quipements li\u00e9s \u00e0 l\u2019or, du dragage, du pompage de sable et des \u00e9quipements de protection de l\u2019environnement.<\/span><\/p>\n<p>&nbsp;<\/p>\n<h1><span style=\"color: #ff0000;\">Services \u00e0 la client\u00e8le<\/span><\/h1>\n<hr \/>\n<h2><span style=\"font-size: 14pt; font-family: helvetica, arial, sans-serif;\">Services \u00e0 valeur ajout\u00e9e<\/span><\/h2>\n<ul>\n<li><span style=\"font-size: 14pt; font-family: helvetica, arial, sans-serif;\"><strong>Appui avant-vente:<\/strong> Fournir des services de consultation technique avant la vente et des conseils de s\u00e9lection de produits bas\u00e9s sur les exigences op\u00e9rationnelles r\u00e9elles de l\u2019\u00e9quipement.<\/span><\/li>\n<li><span style=\"font-size: 14pt; font-family: helvetica, arial, sans-serif;\"><strong>Soutien en vente:<\/strong> L\u2019installation, la mise en service et le fonctionnement d\u2019essai des \u00e9quipements, ainsi que la maintenance technique,<\/span><span style=\"font-size: 14pt; font-family: helvetica, arial, sans-serif;\">ServicesSystem mises \u00e0 niveau et 24\/7 support client.<\/span><\/li>\n<li><span style=\"font-size: 14pt; font-family: helvetica, arial, sans-serif;\"><strong>D\u00e9veloppement sur mesure:<\/strong> Recherche et d\u00e9veloppement de mat\u00e9riel exclusif d\u2019extraction d\u2019or, de dragues, de moissonneuses ou d\u2019autres \u00e9quipements sp\u00e9cialis\u00e9s adapt\u00e9s aux besoins des clients.<\/span><\/li>\n<\/ul>\n<h2><span style=\"font-size: 14pt; font-family: helvetica, arial, sans-serif;\">Avantages du Service<\/span><\/h2>\n<ul>\n<li><span style=\"font-size: 14pt; font-family: helvetica, arial, sans-serif;\"><strong>Force technique:<\/strong> Capacit\u00e9s ind\u00e9pendantes de R&amp;D avec une couverture globale de la cha\u00eene d\u2019approvisionnement.<\/span><\/li>\n<li><span style=\"font-size: 14pt; font-family: helvetica, arial, sans-serif;\"><strong>Port\u00e9e client:<\/strong> Produits export\u00e9s vers l\u2019afrique, l\u2019am\u00e9rique du sud, le moyen-orient, l\u2019asie du sud-est et d\u2019autres r\u00e9gions dans le monde entier.<\/span><\/li>\n<li><span style=\"font-size: 14pt; font-family: helvetica, arial, sans-serif;\"><strong>Flexibilit\u00e9 de la coop\u00e9ration:<\/strong> Services de personnalisation disponibles, avec inventaire pr\u00eat \u00e0 exp\u00e9dier et livraison rapide.<\/span><\/li>\n<li><span style=\"font-size: 14pt; font-family: helvetica, arial, sans-serif;\"><strong>Conformit\u00e9 et s\u00e9curit\u00e9:<\/strong> Syst\u00e8me de gestion de la qualit\u00e9 ISO certifi\u00e9, d\u00e9tenant le certificat du Panama.<\/span><\/li>\n<\/ul>\n<p>&nbsp;<\/p>\n<h1><span style=\"color: #ff0000;\"><strong>Documents de Qualification<\/strong><\/span><\/h1>\n<hr \/>\n<p><img decoding=\"async\" class=\"aligncenter wp-image-325\" src=\"http:\/\/www.goldminingmachine.com\/wp-content\/uploads\/2025\/11\/certificate-scaled.webp\" alt=\"\" width=\"100%\" srcset=\"https:\/\/www.goldminingmachine.com\/wp-content\/uploads\/2025\/11\/certificate-scaled.webp 2560w, https:\/\/www.goldminingmachine.com\/wp-content\/uploads\/2025\/11\/certificate-300x100.webp 300w, https:\/\/www.goldminingmachine.com\/wp-content\/uploads\/2025\/11\/certificate-1024x341.webp 1024w, https:\/\/www.goldminingmachine.com\/wp-content\/uploads\/2025\/11\/certificate-768x256.webp 768w, https:\/\/www.goldminingmachine.com\/wp-content\/uploads\/2025\/11\/certificate-1536x512.webp 1536w, https:\/\/www.goldminingmachine.com\/wp-content\/uploads\/2025\/11\/certificate-2048x683.webp 2048w, https:\/\/www.goldminingmachine.com\/wp-content\/uploads\/2025\/11\/certificate-624x208.webp 624w, https:\/\/www.goldminingmachine.com\/wp-content\/uploads\/2025\/11\/certificate-800x267.webp 800w\" sizes=\"(max-width: 2560px) 100vw, 2560px\" \/><\/p>\n<p><img decoding=\"async\" class=\"aligncenter wp-image-327 size-full\" src=\"http:\/\/www.goldminingmachine.com\/wp-content\/uploads\/2025\/11\/certificate2-scaled.webp\" alt=\"\" width=\"100%\" srcset=\"https:\/\/www.goldminingmachine.com\/wp-content\/uploads\/2025\/11\/certificate2-scaled.webp 2560w, https:\/\/www.goldminingmachine.com\/wp-content\/uploads\/2025\/11\/certificate2-300x100.webp 300w, https:\/\/www.goldminingmachine.com\/wp-content\/uploads\/2025\/11\/certificate2-1024x341.webp 1024w, https:\/\/www.goldminingmachine.com\/wp-content\/uploads\/2025\/11\/certificate2-768x256.webp 768w, https:\/\/www.goldminingmachine.com\/wp-content\/uploads\/2025\/11\/certificate2-1536x512.webp 1536w, https:\/\/www.goldminingmachine.com\/wp-content\/uploads\/2025\/11\/certificate2-2048x683.webp 2048w, https:\/\/www.goldminingmachine.com\/wp-content\/uploads\/2025\/11\/certificate2-624x208.webp 624w, https:\/\/www.goldminingmachine.com\/wp-content\/uploads\/2025\/11\/certificate2-800x267.webp 800w\" sizes=\"(max-width: 2560px) 100vw, 2560px\" \/><\/p>\n<p>&nbsp;<\/p>","protected":false},"excerpt":{"rendered":"<p>Fond\u00e9e en 1995, Qingzhou Qiangrun Environmental Protection Machinery Co., LTD est bas\u00e9e dans le parc industriel de Masong, rue Huanglou, ville de Qingzhou, ville de Weifang, Province du Shandong - une ville historiquement significative et un hub reconnu pour la R&amp;D de machines d\u2019or alluviale en Chine. En tant que fabricant int\u00e9gr\u00e9 int\u00e9grant la R&amp;D, la production, la vente et le service apr\u00e8s-vente, la soci\u00e9t\u00e9 [...]<\/p>","protected":false},"author":1,"featured_media":0,"parent":0,"menu_order":0,"comment_status":"closed","ping_status":"closed","template":"","meta":{"footnotes":""},"class_list":["post-7","page","type-page","status-publish","hentry"],"_links":{"self":[{"href":"https:\/\/www.goldminingmachine.com\/fr\/wp-json\/wp\/v2\/pages\/7","targetHints":{"allow":["GET"]}}],"collection":[{"href":"https:\/\/www.goldminingmachine.com\/fr\/wp-json\/wp\/v2\/pages"}],"about":[{"href":"https:\/\/www.goldminingmachine.com\/fr\/wp-json\/wp\/v2\/types\/page"}],"author":[{"embeddable":true,"href":"https:\/\/www.goldminingmachine.com\/fr\/wp-json\/wp\/v2\/users\/1"}],"replies":[{"embeddable":true,"href":"https:\/\/www.goldminingmachine.com\/fr\/wp-json\/wp\/v2\/comments?post=7"}],"version-history":[{"count":18,"href":"https:\/\/www.goldminingmachine.com\/fr\/wp-json\/wp\/v2\/pages\/7\/revisions"}],"predecessor-version":[{"id":346,"href":"https:\/\/www.goldminingmachine.com\/fr\/wp-json\/wp\/v2\/pages\/7\/revisions\/346"}],"wp:attachment":[{"href":"https:\/\/www.goldminingmachine.com\/fr\/wp-json\/wp\/v2\/media?parent=7"}],"curies":[{"name":"Wp wp","href":"https:\/\/api.w.org\/{rel}","templated":true}]}}