{"id":7,"date":"2025-09-23T10:23:07","date_gmt":"2025-09-23T02:23:07","guid":{"rendered":"http:\/\/jizhuangxiang.webqd.net\/?page_id=7"},"modified":"2025-12-01T09:25:15","modified_gmt":"2025-12-01T01:25:15","slug":"about","status":"publish","type":"page","link":"https:\/\/www.goldminingmachine.com\/es\/about\/","title":{"rendered":"About Us"},"content":{"rendered":"<p><img loading=\"lazy\" decoding=\"async\" class=\"aligncenter wp-image-329 size-full\" src=\"http:\/\/www.goldminingmachine.com\/wp-content\/uploads\/2025\/11\/home-about-1_\u526f\u672c.webp\" alt=\"\" width=\"1707\" height=\"876\" srcset=\"https:\/\/www.goldminingmachine.com\/wp-content\/uploads\/2025\/11\/home-about-1_\u526f\u672c.webp 1707w, https:\/\/www.goldminingmachine.com\/wp-content\/uploads\/2025\/11\/home-about-1_\u526f\u672c-300x154.webp 300w, https:\/\/www.goldminingmachine.com\/wp-content\/uploads\/2025\/11\/home-about-1_\u526f\u672c-1024x525.webp 1024w, https:\/\/www.goldminingmachine.com\/wp-content\/uploads\/2025\/11\/home-about-1_\u526f\u672c-768x394.webp 768w, https:\/\/www.goldminingmachine.com\/wp-content\/uploads\/2025\/11\/home-about-1_\u526f\u672c-1536x788.webp 1536w, https:\/\/www.goldminingmachine.com\/wp-content\/uploads\/2025\/11\/home-about-1_\u526f\u672c-624x320.webp 624w, https:\/\/www.goldminingmachine.com\/wp-content\/uploads\/2025\/11\/home-about-1_\u526f\u672c-800x411.webp 800w\" sizes=\"auto, (max-width: 1707px) 100vw, 1707px\" \/><\/p>\n<div id=\"cmDYcp9\" class=\"listTxt cmDYcp9A automatic\" data-name=\"aBounce-In\">\n<div class=\"textLineP\">\n<h1><span style=\"color: #ff0000;\">Detalles de la empresa<\/span><\/h1>\n<hr \/>\n<\/div>\n<\/div>\n<div id=\"cdaCauh\" class=\"cdaCauh relative\"><\/div>\n<div id=\"cgysPhv\" class=\"listTxt cgysPhvA automatic\">\n<div class=\"textLineP\">\n<p><span style=\"font-family: helvetica, arial, sans-serif; font-size: 14pt;\">Fundada en 1995, Qingzhou Qiangrun Environmental Protection Machinery Co., Ltd. tiene su sede en el parque Industrial Masong, calle Huanglou, ciudad de Qingzhou, ciudad Weifang, provincia de Shandong - una ciudad hist\u00f3ricamente significativa y un centro reconocido para la i + d de maquinaria de oro aluvial en China. Como un fabricante integrado que integra i + d, producci\u00f3n, ventas y servicio post-venta, la empresa se centra en el sector de la maquinaria de protecci\u00f3n del medio ambiente, con experiencia central en la i + d y la producci\u00f3n de equipos relacionados con el oro, como la miner\u00eda de oro y equipos de separaci\u00f3n y maquinaria de oro aluvial, mientras que tambi\u00e9n participan en el dise\u00f1o y la fabricaci\u00f3n de dragas de succi\u00f3n cort, cosechde hierbas acu\u00e1ticas y varias dragavanzadas. Con m\u00e1s de 30 a\u00f1os de experiencia en la industria, se ha convertido en una empresa l\u00edder en el sector.<\/span><\/p>\n<\/div>\n<\/div>\n<p><span style=\"font-size: 14pt; font-family: helvetica, arial, sans-serif;\">Los productos de la compa\u00f1\u00eda cuentan con las principales ventajas de durabilidad, diversos modelos y tecnolog\u00eda avanzada, que cubren la miner\u00eda de oro y equipos de separaci\u00f3n, maquinaria de oro aluvial, dragas de succi\u00f3n de corte, cosechde hierbas acu\u00e1ticas y otras series para satisfacer las necesidades personalizadas de los diferentes clientes. Aprovechando los recursos industriales locales maduros en Qingzhou, integramos conceptos de dise\u00f1o modernos con procesos de fabricaci\u00f3n de precisi\u00f3n. Todos los productos han obtenido ISO9001 sistema de gesti\u00f3n de calidad de certificaci\u00f3n y apoyo SGS inspecci\u00f3n de f\u00e1brica de productos. Implementamos un control de alto nivel en todo el proceso de i + d y producci\u00f3n para garantizar que cada equipo entregado a los clientes logra una excelente calidad.<\/span><\/p>\n<p><span style=\"font-size: 14pt; font-family: helvetica, arial, sans-serif;\">En t\u00e9rminos de servicios, la empresa ofrece soluciones integrales desde el dise\u00f1o del producto, la producci\u00f3n personalizada, la instalaci\u00f3n y puesta en marcha hasta el mantenimiento post-venta. De acuerdo con las diferentes condiciones del sitio de dragado, podemos equipos exclusivos a medida, con trabajo de soldadura realizado por soldadores certificados internacionalmente, y un equipo de servicio t\u00e9cnico profesional en el sitio y un eficiente sistema de soporte post-venta para proporcionar a los clientes en el pa\u00eds y en el extranjero con servicios de proceso completo sin preocupaciones. Mientras tanto, tambi\u00e9n ofrecemos servicios OEM para distribuidores globales para ampliar el mercado a trav\u00e9s de modelos de cooperaci\u00f3n flexibles.<\/span><\/p>\n<p><span style=\"font-size: 14pt; font-family: helvetica, arial, sans-serif;\">Con tecnolog\u00eda l\u00edder en la industria, una rica experiencia de fabricaci\u00f3n, calidad superior del equipo y filosof\u00eda de gesti\u00f3n basada en la integridad, los productos de la compa\u00f1\u00eda se han exportado a m\u00e1s de 60 pa\u00edses y regiones en el sudeste de Asia, Asia oriental, Asia meridional, Am\u00e9rica del sur, Ocean\u00eda, \u00c1frica y Europa del este, incluyendo Malasia, Rusia, Mongolia, Tailandia, Vietnam, Singapur, Indonesia, Fiji, Nigeria, Zimbabwe, Camer\u00fan, costa de marfil, Ghana, Uganda, etc., Ganar amplio reconocimiento y elogios de clientes globales. Adhiri\u00e9ndose al concepto de \u201corientado al cliente y la calidad primero\u201d, la compa\u00f1\u00eda continuamente ofrece soluciones de alta calidad en los campos de equipos relacionados con el oro, dragado, bombede arena y equipos de protecci\u00f3n del medio ambiente.<\/span><\/p>\n<p>&nbsp;<\/p>\n<h1><span style=\"color: #ff0000;\">servicios<\/span><\/h1>\n<hr \/>\n<h2><span style=\"font-size: 14pt; font-family: helvetica, arial, sans-serif;\">Servicios de valor a\u00f1adido<\/span><\/h2>\n<ul>\n<li><span style=\"font-size: 14pt; font-family: helvetica, arial, sans-serif;\"><strong>Soporte pre-venta:<\/strong> Proporcionar servicios de consultor\u00eda t\u00e9cnica pre-venta y orientaci\u00f3n de selecci\u00f3n de productos basados en los requisitos operativos reales del equipo.<\/span><\/li>\n<li><span style=\"font-size: 14pt; font-family: helvetica, arial, sans-serif;\"><strong>Soporte en venta:<\/strong> Instalaci\u00f3n del equipo, puesta en marcha y operaci\u00f3n de prueba, as\u00ed como mantenimiento t\u00e9cnico,<\/span><span style=\"font-size: 14pt; font-family: helvetica, arial, sans-serif;\">Servicios actualizaciones del sistema y atenci\u00f3n al cliente 24\/7.<\/span><\/li>\n<li><span style=\"font-size: 14pt; font-family: helvetica, arial, sans-serif;\"><strong>Desarrollo personalizado:<\/strong> I + d de equipos exclusivos de miner\u00eda de oro, dragas, cosechu otros equipos especializados adaptados a las necesidades del cliente.<\/span><\/li>\n<\/ul>\n<h2><span style=\"font-size: 14pt; font-family: helvetica, arial, sans-serif;\">Ventajas de servicio<\/span><\/h2>\n<ul>\n<li><span style=\"font-size: 14pt; font-family: helvetica, arial, sans-serif;\"><strong>Resistencia t\u00e9cnica:<\/strong> Capacidades independientes de i + d con cobertura global de la cadena de suministro.<\/span><\/li>\n<li><span style=\"font-size: 14pt; font-family: helvetica, arial, sans-serif;\"><strong>Alcance del cliente:<\/strong> Productos exportados a \u00c1frica, Sudam\u00e9rica, Oriente medio, sudeste asi\u00e1tico y otras regiones del mundo.<\/span><\/li>\n<li><span style=\"font-size: 14pt; font-family: helvetica, arial, sans-serif;\"><strong>Flexibilidad de cooperaci\u00f3n:<\/strong> Servicios de personalizaci\u00f3n disponibles, con inventario listo para enviar y entrega r\u00e1pida.<\/span><\/li>\n<li><span style=\"font-size: 14pt; font-family: helvetica, arial, sans-serif;\"><strong>Cumplimiento y seguridad:<\/strong> Certificado ISO sistema de gesti\u00f3n de calidad, poseedor del certificado de Panam\u00e1.<\/span><\/li>\n<\/ul>\n<p>&nbsp;<\/p>\n<h1><span style=\"color: #ff0000;\"><strong>Documentos de cualificaci\u00f3n<\/strong><\/span><\/h1>\n<hr \/>\n<p><img decoding=\"async\" class=\"aligncenter wp-image-325\" src=\"http:\/\/www.goldminingmachine.com\/wp-content\/uploads\/2025\/11\/certificate-scaled.webp\" alt=\"\" width=\"100%\" srcset=\"https:\/\/www.goldminingmachine.com\/wp-content\/uploads\/2025\/11\/certificate-scaled.webp 2560w, https:\/\/www.goldminingmachine.com\/wp-content\/uploads\/2025\/11\/certificate-300x100.webp 300w, https:\/\/www.goldminingmachine.com\/wp-content\/uploads\/2025\/11\/certificate-1024x341.webp 1024w, https:\/\/www.goldminingmachine.com\/wp-content\/uploads\/2025\/11\/certificate-768x256.webp 768w, https:\/\/www.goldminingmachine.com\/wp-content\/uploads\/2025\/11\/certificate-1536x512.webp 1536w, https:\/\/www.goldminingmachine.com\/wp-content\/uploads\/2025\/11\/certificate-2048x683.webp 2048w, https:\/\/www.goldminingmachine.com\/wp-content\/uploads\/2025\/11\/certificate-624x208.webp 624w, https:\/\/www.goldminingmachine.com\/wp-content\/uploads\/2025\/11\/certificate-800x267.webp 800w\" sizes=\"(max-width: 2560px) 100vw, 2560px\" \/><\/p>\n<p><img decoding=\"async\" class=\"aligncenter wp-image-327 size-full\" src=\"http:\/\/www.goldminingmachine.com\/wp-content\/uploads\/2025\/11\/certificate2-scaled.webp\" alt=\"\" width=\"100%\" srcset=\"https:\/\/www.goldminingmachine.com\/wp-content\/uploads\/2025\/11\/certificate2-scaled.webp 2560w, https:\/\/www.goldminingmachine.com\/wp-content\/uploads\/2025\/11\/certificate2-300x100.webp 300w, https:\/\/www.goldminingmachine.com\/wp-content\/uploads\/2025\/11\/certificate2-1024x341.webp 1024w, https:\/\/www.goldminingmachine.com\/wp-content\/uploads\/2025\/11\/certificate2-768x256.webp 768w, https:\/\/www.goldminingmachine.com\/wp-content\/uploads\/2025\/11\/certificate2-1536x512.webp 1536w, https:\/\/www.goldminingmachine.com\/wp-content\/uploads\/2025\/11\/certificate2-2048x683.webp 2048w, https:\/\/www.goldminingmachine.com\/wp-content\/uploads\/2025\/11\/certificate2-624x208.webp 624w, https:\/\/www.goldminingmachine.com\/wp-content\/uploads\/2025\/11\/certificate2-800x267.webp 800w\" sizes=\"(max-width: 2560px) 100vw, 2560px\" \/><\/p>\n<p>&nbsp;<\/p>","protected":false},"excerpt":{"rendered":"<p>Company Details Founded in 1995, Qingzhou Qiangrun Environmental Protection Machinery Co., Ltd. is headquartered in Masong Industrial Park, Huanglou Street, Qingzhou City, Weifang City, Shandong Province \u2014 a historically significant city and a recognized hub for alluvial gold machinery R&amp;D in China. As an integrated manufacturer integrating R&amp;D, production, sales and after-sales service, the company [&hellip;]<\/p>","protected":false},"author":1,"featured_media":0,"parent":0,"menu_order":0,"comment_status":"closed","ping_status":"closed","template":"","meta":{"footnotes":""},"class_list":["post-7","page","type-page","status-publish","hentry"],"_links":{"self":[{"href":"https:\/\/www.goldminingmachine.com\/es\/wp-json\/wp\/v2\/pages\/7","targetHints":{"allow":["GET"]}}],"collection":[{"href":"https:\/\/www.goldminingmachine.com\/es\/wp-json\/wp\/v2\/pages"}],"about":[{"href":"https:\/\/www.goldminingmachine.com\/es\/wp-json\/wp\/v2\/types\/page"}],"author":[{"embeddable":true,"href":"https:\/\/www.goldminingmachine.com\/es\/wp-json\/wp\/v2\/users\/1"}],"replies":[{"embeddable":true,"href":"https:\/\/www.goldminingmachine.com\/es\/wp-json\/wp\/v2\/comments?post=7"}],"version-history":[{"count":18,"href":"https:\/\/www.goldminingmachine.com\/es\/wp-json\/wp\/v2\/pages\/7\/revisions"}],"predecessor-version":[{"id":346,"href":"https:\/\/www.goldminingmachine.com\/es\/wp-json\/wp\/v2\/pages\/7\/revisions\/346"}],"wp:attachment":[{"href":"https:\/\/www.goldminingmachine.com\/es\/wp-json\/wp\/v2\/media?parent=7"}],"curies":[{"name":"WP","href":"https:\/\/api.w.org\/{rel}","templated":true}]}}